{"id":2,"date":"2021-09-15T17:11:33","date_gmt":"2021-09-15T17:11:33","guid":{"rendered":"https:\/\/www.kapicco.de\/?page_id=2"},"modified":"2025-12-14T22:09:41","modified_gmt":"2025-12-14T21:09:41","slug":"sample-page","status":"publish","type":"page","link":"https:\/\/www.kapicco.de\/","title":{"rendered":"Welcome"},"content":{"rendered":"<h1>KaPicco.de<\/h1>\n<p><img decoding=\"async\" class=\"alignnone size-full wp-image-36\" src=\"https:\/\/www.kapicco.de\/wp-content\/uploads\/2025\/12\/KaPicco-2025_c.jpg\" alt=\"\" width=\"1920\" height=\"1080\" \/><\/p>\n<p>&nbsp;<\/p>\n<p>Wir sind Gleichgesinnte aus dem Raum Karlsruhe, die sich zusammentun, um mehr zu erreichen. Uns alle verbindet unser Hobby, der Modellflug, genauer gesagt der\u00a0<strong>elektrische Helikopterflug<\/strong>. Seit \u00fcber 17 Jahren besteht unsere Interessengemeinschaft und wurde Anfang 2011 in einen eingetragenen Verein \u00fcberf\u00fchrt. Wir haben in Karlsruhe-Knielingen eine gro\u00dfe Turnhalle angemietet, um uns dort jeden Samstag zum Fliegen zu treffen. Bei sch\u00f6nem Wetter fliegen wir auf unserem Modellflugplatz. F\u00fcr alle, die immer schon mal Heli fliegen wollten, sich einen zugelegt haben und sich dann bei den ersten Schritten etwas verloren vorkommen, liegt der Kontakt zu einem Verein nahe. Wir freuen uns \u00fcber Euren Besuch \u2013 einfach mal vorbeikommen\u2026<\/p>\n<p>Hier einige Eindr\u00fccke vom vergangenen, traditionellen Heli &amp; Grill:<\/p>\n<div class=\"fusion-video fusion-youtube\" style=\"--awb-max-width:600px;--awb-max-height:360px;\"><div class=\"video-shortcode\"><div class=\"fluid-width-video-wrapper\" style=\"padding-top:60%;\" ><iframe title=\"YouTube video player 1\" src=\"https:\/\/www.youtube.com\/embed\/7Ace3lpSFD8?wmode=transparent&autoplay=0\" width=\"600\" height=\"360\" allowfullscreen allow=\"autoplay; fullscreen\"><\/iframe><\/div><\/div><\/div>\n<h4><b>N\u00c4CHSTES TREFFEN<\/b><\/h4>\n<p>Wer uns einfach mal besuchen m\u00f6chte, ist dazu herzlich eingeladen. Unsere Treffen finden jeden Samstag um 14:00-17:00h in der gro\u00dfen Turnhalle Knielingen statt. Die Wegbeschreibung ist jetzt hier online. Bei sch\u00f6nem Wetter findet Ihr uns auf unserem Flugplatz.<\/p>\n<p>Eine Wegbeschreibung zur Halle gibt es\u00a0<strong><a title=\"Wegbeschreibung\" href=\"http:\/\/maps.google.de\/maps?hl=de&amp;ll=49.037585,8.329343&amp;spn=0.00121,0.002076&amp;sll=49.037075,8.34462&amp;sspn=0.001382,0.002132&amp;t=h&amp;z=19\" target=\"_blank\" rel=\"noopener\">hier<\/a><\/strong>.<\/p>\n<p>Eine Beschreibung zum Flugplatz gibt es\u00a0<strong><a title=\"Flugplatz\" href=\"http:\/\/goo.gl\/maps\/H9Brz\">hier<\/a><\/strong>.<\/p>\n<p>Bitte eine kurze Mail im Voraus an uns (vorstand at kapicco.de).<\/p>\n<h4><b>SLOWFLYER UND GR\u00d6SSERE HELIS<\/b><\/h4>\n<p>In unserer Halle haben wir uns auf eine Besch\u00e4nkung von 500gr Abfluggewicht geeinigt \u2013 bitte beachten. Auf unserem Flugplatz sind ausschlie\u00dflich Elektrohelis mit maximal 5kg Abfluggewicht und Fl\u00e4chenflieger mit maximal 500gr zugelassen. Wir sind eine Gruppe von Modellhubschrauber-Piloten, die ab und an auch mal einen Fl\u00e4chenflieger fliegen \u2013 jedoch nicht umgekehrt.<\/p>\n<h4><b>GESCHICHTE<\/b><\/h4>\n<p>Begonnen hat alles am 19. Januar 2002. Die Freunde des\u00a0<a href=\"http:\/\/www.smc-karlsruhe.de\/\" target=\"_blank\" rel=\"noopener\">Schiff-Modellbau-Clubs Karlsruhe<\/a>\u00a0waren so nett und stellten uns 3 R\u00e4ume zum treffen, fliegen und quatschen zur Verf\u00fcgung. Es war ein voller Erfolg und uns allen war klar, dass das nicht das letzte Treffen dieser Art war\u2026<br \/>\nSeit dem 02.02.2002 fliegen wir in der Turnhalle Knielingen und die erfreuliche Beobachtung: Es werden immer mehr.<\/p>\n","protected":false},"excerpt":{"rendered":"<p>KaPicco.de &nbsp; Wir sind Gleichgesinnte aus dem Raum Karlsruhe, die [&hellip;]<\/p>\n","protected":false},"author":1,"featured_media":0,"parent":0,"menu_order":0,"comment_status":"closed","ping_status":"open","template":"","meta":{"footnotes":""},"class_list":["post-2","page","type-page","status-publish","hentry"],"_links":{"self":[{"href":"https:\/\/www.kapicco.de\/index.php\/wp-json\/wp\/v2\/pages\/2","targetHints":{"allow":["GET"]}}],"collection":[{"href":"https:\/\/www.kapicco.de\/index.php\/wp-json\/wp\/v2\/pages"}],"about":[{"href":"https:\/\/www.kapicco.de\/index.php\/wp-json\/wp\/v2\/types\/page"}],"author":[{"embeddable":true,"href":"https:\/\/www.kapicco.de\/index.php\/wp-json\/wp\/v2\/users\/1"}],"replies":[{"embeddable":true,"href":"https:\/\/www.kapicco.de\/index.php\/wp-json\/wp\/v2\/comments?post=2"}],"version-history":[{"count":8,"href":"https:\/\/www.kapicco.de\/index.php\/wp-json\/wp\/v2\/pages\/2\/revisions"}],"predecessor-version":[{"id":37,"href":"https:\/\/www.kapicco.de\/index.php\/wp-json\/wp\/v2\/pages\/2\/revisions\/37"}],"wp:attachment":[{"href":"https:\/\/www.kapicco.de\/index.php\/wp-json\/wp\/v2\/media?parent=2"}],"curies":[{"name":"wp","href":"https:\/\/api.w.org\/{rel}","templated":true}]}}